{"id":198,"date":"2022-01-17T20:05:32","date_gmt":"2022-01-17T19:05:32","guid":{"rendered":"https:\/\/zagorz.przemyska.pl\/?page_id=198"},"modified":"2022-01-17T20:30:11","modified_gmt":"2022-01-17T19:30:11","slug":"siostry-sluzebniczki","status":"publish","type":"page","link":"https:\/\/zagorz.przemyska.pl\/index.php\/parafia\/siostry-sluzebniczki\/","title":{"rendered":"SIOSTRY S\u0141U\u017bEBNICZKI"},"content":{"rendered":"<h2 style=\"text-align: justify;\">Dom Zakonny Si\u00f3str S\u0142u\u017cebniczek Starowiejskich w&nbsp;Zag\u00f3rzu<\/h2>\n<p style=\"text-align: justify;\">W 1986 roku w&nbsp;zag\u00f3rskiej parafii rozpocz\u0119\u0142y prac\u0119 Siostry S\u0142u\u017cebniczki. W&nbsp;ubieg\u0142ym roku min\u0119\u0142o zatem r\u00f3wne 20 lat od tego momentu.<\/p>\n<p style=\"text-align: justify;\">Nowa plac\u00f3wka si\u00f3str S\u0142u\u017cebniczek Starowiejskich powsta\u0142a w&nbsp;Zag\u00f3rzu staraniem \u00f3wczesnego proboszcza, \u015bp. ks.&nbsp;J\u00f3zefa Winnickiego. W&nbsp;uroczysto\u015b\u0107 Matki Boskiej Cz\u0119stochowskiej, 26 sierpnia 1986 roku, odprawiona zosta\u0142a uroczysta Msza \u015awi\u0119ta, w&nbsp;kt\u00f3rej uczestniczy\u0142y r\u00f3wnie\u017c siostry z&nbsp;Zarz\u0105du Zgromadzenia oraz z&nbsp;pobliskich plac\u00f3wek. Ksi\u0105dz proboszcz powita\u0142 serdecznie siostry i&nbsp;wyrazi\u0142 sw\u0105 wdzi\u0119czno\u015b\u0107 za to, \u017ce podj\u0119\u0142y prac\u0119 w&nbsp;zag\u00f3rskiej parafii. W&nbsp;domowej ksi\u0119dze si\u00f3str zapisane zosta\u0142y s\u0142owa ks.&nbsp;Proboszcza \u2013 \u201eSpe\u0142ni\u0142o si\u0119 moje najwi\u0119ksze marzenie\u201d. Po Mszy \u015awi\u0119tej po\u015bwi\u0119cony zosta\u0142 dom, w&nbsp;kt\u00f3rym zamieszka\u0142y trzy pierwsze siostry, podejmuj\u0105c prac\u0119 w&nbsp;katechezie i&nbsp;zakrystii. Rok p\u00f3\u017aniej po\u015bwi\u0119cona zosta\u0142a kaplica domowa Si\u00f3str.<\/p>\n<p style=\"text-align: justify;\">Od 1994 roku kolejne dwie siostry rozpocz\u0119\u0142y prac\u0119 w&nbsp;Domu Opieki im.&nbsp;\u015bw. Brata Alberta, a&nbsp;we wrze\u015bniu 1996 roku siostry otworzy\u0142y Ochronk\u0119 im.&nbsp;b\u0142. Edmunda Bojanowskiego.<\/p>\n","protected":false},"excerpt":{"rendered":"<p>Dom Zakonny Si\u00f3str S\u0142u\u017cebniczek Starowiejskich w&nbsp;Zag\u00f3rzu W 1986 roku w&nbsp;zag\u00f3rskiej parafii rozpocz\u0119\u0142y prac\u0119 Siostry S\u0142u\u017cebniczki. W&nbsp;ubieg\u0142ym roku min\u0119\u0142o zatem r\u00f3wne 20 lat od tego momentu. Nowa plac\u00f3wka si\u00f3str S\u0142u\u017cebniczek Starowiejskich powsta\u0142a w&nbsp;Zag\u00f3rzu staraniem \u00f3wczesnego proboszcza, \u015bp. ks.&nbsp;J\u00f3zefa Winnickiego. W&nbsp;uroczysto\u015b\u0107 Matki Boskiej Cz\u0119stochowskiej, 26 sierpnia 1986 [&hellip;]<\/p>\n","protected":false},"author":1,"featured_media":0,"parent":16,"menu_order":8,"comment_status":"closed","ping_status":"closed","template":"","meta":{"ngg_post_thumbnail":0,"footnotes":""},"class_list":["post-198","page","type-page","status-publish","hentry"],"_links":{"self":[{"href":"https:\/\/zagorz.przemyska.pl\/index.php\/wp-json\/wp\/v2\/pages\/198"}],"collection":[{"href":"https:\/\/zagorz.przemyska.pl\/index.php\/wp-json\/wp\/v2\/pages"}],"about":[{"href":"https:\/\/zagorz.przemyska.pl\/index.php\/wp-json\/wp\/v2\/types\/page"}],"author":[{"embeddable":true,"href":"https:\/\/zagorz.przemyska.pl\/index.php\/wp-json\/wp\/v2\/users\/1"}],"replies":[{"embeddable":true,"href":"https:\/\/zagorz.przemyska.pl\/index.php\/wp-json\/wp\/v2\/comments?post=198"}],"version-history":[{"count":3,"href":"https:\/\/zagorz.przemyska.pl\/index.php\/wp-json\/wp\/v2\/pages\/198\/revisions"}],"predecessor-version":[{"id":222,"href":"https:\/\/zagorz.przemyska.pl\/index.php\/wp-json\/wp\/v2\/pages\/198\/revisions\/222"}],"up":[{"embeddable":true,"href":"https:\/\/zagorz.przemyska.pl\/index.php\/wp-json\/wp\/v2\/pages\/16"}],"wp:attachment":[{"href":"https:\/\/zagorz.przemyska.pl\/index.php\/wp-json\/wp\/v2\/media?parent=198"}],"curies":[{"name":"wp","href":"https:\/\/api.w.org\/{rel}","templated":true}]}}