{"id":466,"date":"2023-05-04T20:02:45","date_gmt":"2023-05-04T18:02:45","guid":{"rendered":"https:\/\/zagorz.przemyska.pl\/?page_id=466"},"modified":"2023-05-06T00:11:11","modified_gmt":"2023-05-05T22:11:11","slug":"kontakt","status":"publish","type":"page","link":"https:\/\/zagorz.przemyska.pl\/index.php\/kontakt\/kontakt\/","title":{"rendered":"KONTAKT"},"content":{"rendered":"<p><span style=\"color: #000000;\"><strong><img loading=\"lazy\" decoding=\"async\" class=\"size-full wp-image-68 alignleft\" src=\"https:\/\/zagorz.przemyska.pl\/wp-content\/uploads\/2021\/10\/unnamed.jpg\" alt=\"\" width=\"300\" height=\"265\">Parafia Rzymskokatolicka pw. Wniebowzi\u0119cia Naj\u015bwi\u0119tszej Marii Panny<br \/>\nSanktuarium Matki Nowego \u017bycia<\/strong><\/span><br \/>\n<span style=\"color: #000000;\">ul. Pi\u0142sudskiego 137<\/span><br \/>\n<span style=\"color: #000000;\">38-540 Zag\u00f3rz<\/span><br \/>\n<span style=\"color: #000000;\">tel. 13 462 20 36<\/span><br \/>\n<span style=\"color: #000000;\"><strong>e-mail: grekol2@interia.pl<\/strong><\/span><br \/>\n<span style=\"color: #000000;\">Nr rachunku bankowego: 92 1240 2340 1111 0000 3199 6044<\/span><\/p>\n<p><span style=\"color: #000000;\">Proboszcz \u2013 <strong>ks. <\/strong><strong>Grzegorz Kolano<\/strong><\/span><\/p>\n<p><span style=\"color: #000000;\">Kustosz Sanktuarium \u2013 <strong>ks. J\u00f3zef Kasiak tel. 694581190<\/strong><\/span><\/p>\n","protected":false},"excerpt":{"rendered":"<p>Parafia Rzymskokatolicka pw. Wniebowzi\u0119cia Naj\u015bwi\u0119tszej Marii Panny Sanktuarium Matki Nowego \u017bycia ul. Pi\u0142sudskiego 137 38-540 Zag\u00f3rz tel. 13 462 20 36 e-mail: grekol2@interia.pl Nr rachunku bankowego: 92 1240 2340 1111 0000 3199 6044 Proboszcz \u2013 ks. Grzegorz Kolano Kustosz Sanktuarium \u2013 ks. J\u00f3zef Kasiak tel. [&hellip;]<\/p>\n","protected":false},"author":1,"featured_media":0,"parent":14,"menu_order":0,"comment_status":"closed","ping_status":"closed","template":"","meta":{"ngg_post_thumbnail":0,"footnotes":""},"class_list":["post-466","page","type-page","status-publish","hentry"],"_links":{"self":[{"href":"https:\/\/zagorz.przemyska.pl\/index.php\/wp-json\/wp\/v2\/pages\/466"}],"collection":[{"href":"https:\/\/zagorz.przemyska.pl\/index.php\/wp-json\/wp\/v2\/pages"}],"about":[{"href":"https:\/\/zagorz.przemyska.pl\/index.php\/wp-json\/wp\/v2\/types\/page"}],"author":[{"embeddable":true,"href":"https:\/\/zagorz.przemyska.pl\/index.php\/wp-json\/wp\/v2\/users\/1"}],"replies":[{"embeddable":true,"href":"https:\/\/zagorz.przemyska.pl\/index.php\/wp-json\/wp\/v2\/comments?post=466"}],"version-history":[{"count":3,"href":"https:\/\/zagorz.przemyska.pl\/index.php\/wp-json\/wp\/v2\/pages\/466\/revisions"}],"predecessor-version":[{"id":481,"href":"https:\/\/zagorz.przemyska.pl\/index.php\/wp-json\/wp\/v2\/pages\/466\/revisions\/481"}],"up":[{"embeddable":true,"href":"https:\/\/zagorz.przemyska.pl\/index.php\/wp-json\/wp\/v2\/pages\/14"}],"wp:attachment":[{"href":"https:\/\/zagorz.przemyska.pl\/index.php\/wp-json\/wp\/v2\/media?parent=466"}],"curies":[{"name":"wp","href":"https:\/\/api.w.org\/{rel}","templated":true}]}}