{"id":523,"date":"2024-06-07T22:11:32","date_gmt":"2024-06-07T20:11:32","guid":{"rendered":"https:\/\/zagorz.przemyska.pl\/?page_id=523"},"modified":"2024-07-19T09:32:06","modified_gmt":"2024-07-19T07:32:06","slug":"zapytanie-ofertowe-parafii-rzymskokatolickiej-pw-wniebowziecia-nmp-w-zagorzu-na-wykonanie-zadania-pn-roboty-remontowe-przy-parafii-rzymsko-katolickiej-pw-wniebowziecia-nmp-w-zagorzu-2","status":"publish","type":"page","link":"https:\/\/zagorz.przemyska.pl\/index.php\/kontakt\/licznik-odwiedzin\/zapytanie-ofertowe-parafii-rzymskokatolickiej-pw-wniebowziecia-nmp-w-zagorzu-na-wykonanie-zadania-pn-roboty-remontowe-przy-parafii-rzymsko-katolickiej-pw-wniebowziecia-nmp-w-zagorzu-2\/","title":{"rendered":"Zapytanie ofertowe Parafii Rzymskokatolickiej pw. Wniebowzi\u0119cia NMP w Zag\u00f3rzu na wykonanie zadania pn. &#8222;Roboty remontowe przy Parafii  Rzymsko-Katolickiej pw.\u00a0 Wniebowzi\u0119cia NMP w Zag\u00f3rzu&#8221;.\u00a0"},"content":{"rendered":"<p><strong>Zapytanie ofertowe Parafii Rzymskokatolickiej pw. Wniebowzi\u0119cia NMP w Zag\u00f3rzu<br \/>\nna wykonanie zadania pn. &#8222;Roboty remontowe przy Parafii Rzymsko-Katolickiej pw.&nbsp; Wniebowzi\u0119cia NMP w Zag\u00f3rzu&#8221;.&nbsp;<\/strong><\/p>\n<p><a href=\"https:\/\/zagorz.przemyska.pl\/wp-content\/uploads\/2024\/06\/Zapytanie-ofertowe.pdf\">Zapytanie ofertowe<\/a><strong><br \/>\n<a href=\"https:\/\/zagorz.przemyska.pl\/wp-content\/uploads\/2024\/06\/ZMIANA-TRESCI-ZAPYTANIA-OFERTOWEGO.pdf\">ZMIANA TRE\u015aCI ZAPYTANIA OFERTOWEGO<\/a><br \/>\n<a href=\"https:\/\/zagorz.przemyska.pl\/wp-content\/uploads\/2024\/06\/Zalacznik-nr-2.zip\">Zalacznik nr 2<\/a><br \/>\n<a href=\"https:\/\/zagorz.przemyska.pl\/wp-content\/uploads\/2024\/06\/Zalacznik-nr-3-Wykaz-robot.docx\">Zalacznik nr 3 &#8211; Wykaz robot<\/a><br \/>\n<a href=\"https:\/\/zagorz.przemyska.pl\/wp-content\/uploads\/2024\/06\/Zalacznik-nr-4-Wykaz-osob.docx\">Zalacznik nr 4 &#8211; Wykaz osob<\/a><br \/>\n<a href=\"https:\/\/zagorz.przemyska.pl\/wp-content\/uploads\/2024\/06\/Zalacznik-nr-5-Projektowane-postanowienia-umowy-25.pdf\">Zalacznik nr 5 &#8211; Projektowane postanowienia umowy (25)<\/a><br \/>\n<a href=\"https:\/\/zagorz.przemyska.pl\/wp-content\/uploads\/2024\/06\/Zalacznik-nr-6-Promesa_wstepna.pdf\">Zalacznik nr 6 Promesa_wstepna<\/a><\/strong><\/p>\n<p><a href=\"https:\/\/zagorz.przemyska.pl\/wp-content\/uploads\/2024\/07\/Informacja-z-otwarcia-ofert.pdf\">Informacja z otwarcia ofert<\/a><\/p>\n<p><a href=\"https:\/\/zagorz.przemyska.pl\/wp-content\/uploads\/2024\/07\/Zalacznik-nr-1-do-Zapytania-ofertowego-Formularz-ofertowy.docx\">Za\u0142\u0105cznik nr 1 do Zapytania ofertowego &#8211; Formularz ofertowy<\/a><\/p>\n<p><a href=\"https:\/\/zagorz.przemyska.pl\/wp-content\/uploads\/2024\/07\/INFORMACJA-O-WYBORZE-NAJKORZYSTNIEJSZEJ-OFERTY.pdf\">INFORMACJA O WYBORZE NAJKORZYSTNIEJSZEJ OFERTY<\/a><\/p>\n","protected":false},"excerpt":{"rendered":"<p>Zapytanie ofertowe Parafii Rzymskokatolickiej pw. Wniebowzi\u0119cia NMP w Zag\u00f3rzu na wykonanie zadania pn. &#8222;Roboty remontowe przy Parafii Rzymsko-Katolickiej pw.&nbsp; Wniebowzi\u0119cia NMP w Zag\u00f3rzu&#8221;.&nbsp; Zapytanie ofertowe ZMIANA TRE\u015aCI ZAPYTANIA OFERTOWEGO Zalacznik nr 2 Zalacznik nr 3 &#8211; Wykaz robot Zalacznik nr 4 &#8211; Wykaz osob Zalacznik [&hellip;]<\/p>\n","protected":false},"author":1,"featured_media":0,"parent":462,"menu_order":0,"comment_status":"closed","ping_status":"closed","template":"","meta":{"ngg_post_thumbnail":0,"footnotes":""},"class_list":["post-523","page","type-page","status-publish","hentry"],"_links":{"self":[{"href":"https:\/\/zagorz.przemyska.pl\/index.php\/wp-json\/wp\/v2\/pages\/523"}],"collection":[{"href":"https:\/\/zagorz.przemyska.pl\/index.php\/wp-json\/wp\/v2\/pages"}],"about":[{"href":"https:\/\/zagorz.przemyska.pl\/index.php\/wp-json\/wp\/v2\/types\/page"}],"author":[{"embeddable":true,"href":"https:\/\/zagorz.przemyska.pl\/index.php\/wp-json\/wp\/v2\/users\/1"}],"replies":[{"embeddable":true,"href":"https:\/\/zagorz.przemyska.pl\/index.php\/wp-json\/wp\/v2\/comments?post=523"}],"version-history":[{"count":13,"href":"https:\/\/zagorz.przemyska.pl\/index.php\/wp-json\/wp\/v2\/pages\/523\/revisions"}],"predecessor-version":[{"id":677,"href":"https:\/\/zagorz.przemyska.pl\/index.php\/wp-json\/wp\/v2\/pages\/523\/revisions\/677"}],"up":[{"embeddable":true,"href":"https:\/\/zagorz.przemyska.pl\/index.php\/wp-json\/wp\/v2\/pages\/462"}],"wp:attachment":[{"href":"https:\/\/zagorz.przemyska.pl\/index.php\/wp-json\/wp\/v2\/media?parent=523"}],"curies":[{"name":"wp","href":"https:\/\/api.w.org\/{rel}","templated":true}]}}